{"id":331,"date":"2023-02-04T18:19:28","date_gmt":"2023-02-04T17:19:28","guid":{"rendered":"http:\/\/119727.test-my-website.de\/mb-neu\/?page_id=331"},"modified":"2026-03-27T12:27:37","modified_gmt":"2026-03-27T11:27:37","slug":"belegungsplan","status":"publish","type":"page","link":"http:\/\/moni-benetti.de\/?page_id=331","title":{"rendered":"Belegungsplan 2026"},"content":{"rendered":"\n<p><br>f\u00fcr Fr\u00fchjahr, Herbst und Winter bieten wir Angebote f\u00fcr l\u00e4ngere Zeitr\u00e4ume. Einfach anfragen! \u00dcberwintern an der Ostsee?!<\/p>\n\n\n\n<p><strong>2026<\/strong><\/p>\n\n\n\n<p>frei bis 23.05.26<\/p>\n\n\n\n<p>23.05.26-13.06.26 belegt KRB2P<\/p>\n\n\n\n<p>13.06.26-04.07.26 belegt IGL2P<\/p>\n\n\n\n<p>frei von 04.07.26-18.07.26<\/p>\n\n\n\n<p>18.07.26-01.08.26 belegt HES2P<\/p>\n\n\n\n<p>frei von 01.08.26-16.08.26<\/p>\n\n\n\n<p>16.08.26-05.09.26 belegt UGS2P<\/p>\n\n\n\n<p><\/p>\n\n\n\n<p><\/p>\n\n\n\n<ul class=\"wp-block-list\">\n<li><\/li>\n<\/ul>\n\n\n\n<p><\/p>\n\n\n\n<p><\/p>\n\n\n\n<p><\/p>\n\n\n\n<p><\/p>\n\n\n\n<p><\/p>\n\n\n\n<p><\/p>\n\n\n\n<p><br><br><br><\/p>\n","protected":false},"excerpt":{"rendered":"<p>f\u00fcr Fr\u00fchjahr, Herbst und Winter bieten wir Angebote f\u00fcr l\u00e4ngere Zeitr\u00e4ume. Einfach anfragen! \u00dcberwintern an der Ostsee?! 2026 frei bis 23.05.26 23.05.26-13.06.26 belegt KRB2P 13.06.26-04.07.26 belegt IGL2P frei von 04.07.26-18.07.26 18.07.26-01.08.26 belegt HES2P frei von 01.08.26-16.08.26 16.08.26-05.09.26 belegt UGS2P<\/p>\n","protected":false},"author":2,"featured_media":0,"parent":0,"menu_order":0,"comment_status":"closed","ping_status":"closed","template":"","meta":{"_coblocks_attr":"","_coblocks_dimensions":"","_coblocks_responsive_height":"","_coblocks_accordion_ie_support":"","footnotes":""},"class_list":["post-331","page","type-page","status-publish","hentry","entry"],"_links":{"self":[{"href":"http:\/\/moni-benetti.de\/index.php?rest_route=\/wp\/v2\/pages\/331","targetHints":{"allow":["GET"]}}],"collection":[{"href":"http:\/\/moni-benetti.de\/index.php?rest_route=\/wp\/v2\/pages"}],"about":[{"href":"http:\/\/moni-benetti.de\/index.php?rest_route=\/wp\/v2\/types\/page"}],"author":[{"embeddable":true,"href":"http:\/\/moni-benetti.de\/index.php?rest_route=\/wp\/v2\/users\/2"}],"replies":[{"embeddable":true,"href":"http:\/\/moni-benetti.de\/index.php?rest_route=%2Fwp%2Fv2%2Fcomments&post=331"}],"version-history":[{"count":34,"href":"http:\/\/moni-benetti.de\/index.php?rest_route=\/wp\/v2\/pages\/331\/revisions"}],"predecessor-version":[{"id":463,"href":"http:\/\/moni-benetti.de\/index.php?rest_route=\/wp\/v2\/pages\/331\/revisions\/463"}],"wp:attachment":[{"href":"http:\/\/moni-benetti.de\/index.php?rest_route=%2Fwp%2Fv2%2Fmedia&parent=331"}],"curies":[{"name":"wp","href":"https:\/\/api.w.org\/{rel}","templated":true}]}}